{"id":3,"date":"2020-01-06T05:22:22","date_gmt":"2020-01-06T05:22:22","guid":{"rendered":"https:\/\/shop.wellnessaspara.com\/?page_id=3"},"modified":"2020-10-30T11:37:09","modified_gmt":"2020-10-30T11:37:09","slug":"privacy-policy","status":"publish","type":"page","link":"https:\/\/shop.wellnessaspara.com\/de\/privacy-policy\/","title":{"rendered":"Datenschutzerkl\u00e4rung"},"content":{"rendered":"<h2 class=\"wp-block-heading\">DATENSCHUTZERKL\u00c4RUNG DER MOBILEN ANWENDUNG (WELLNESSASPARA.COM MOBILE APP)<\/h2>\r\n<p>Um Informationen \u00fcber Ihre pers\u00f6nlichen Daten, die Zwecke und die Parteien, an die die Daten weitergegeben werden, zu erhalten, wenden Sie sich an den Eigent\u00fcmer.<\/p>\r\n<h2>Daten-Eigent\u00fcmer<\/h2>\r\n<h2>LEPOTNI CENTER DINO&amp;DINO, DINO IVANU\u0160A S.P.<\/h2>\r\n<h2>Wellnessaspara.com<\/h2>\r\n<ul>\r\n<li>Naziv: LEPOTNI ZENTRUM DINO&amp;DINO, DINO IVANU\u0160A S.P.<\/li>\r\n<li>Naslov: LJUBLJANSKA CESTA 91 A , 3000 CELJE<\/li>\r\n<li>Status: Fizi\u010dna oseba<\/li>\r\n<li>DDV-ID: SI63087740<\/li>\r\n<li>Urad DURS: DU Celje<\/li>\r\n<\/ul>\r\n<p><strong>AKTIVNI TRANSAKCIJSKI RA\u010cUNI:<\/strong><br \/>\u0160t. ra\u010duna\u00a0\u00a0<b>|\u00a0\u00a0<\/b>Vrsta<b>\u00a0|\u00a0<\/b>Banka\u00a0<b>|\u00a0<\/b>\u00a0Odprt<br \/>SI5603116-1000725715<b>\u00a0|<\/b>\u00a0T\u00a0<b>|<\/b>\u00a0SKB Banka<b>\u00a0|\u00a0<\/b>\u00a001.08.2017<\/p>\r\n<h2>Kontakt<\/h2>\r\n<p>Bitte kontaktieren Sie uns \u00fcber das untenstehende Formular oder per E-Mail oder Telefon f\u00fcr eine prompte Antwort.<\/p>\r\n<p>Sie k\u00f6nnen auch \u00fcber eine der unten aufgef\u00fchrten Kontaktm\u00f6glichkeiten eine Reservierung vornehmen.<\/p>\r\n<p>Wellness-Aspara<br \/><a href=\"https:\/\/shop.wellnessaspara.com\/\">www.wellnessaspara.com<\/a><\/p>\r\n<p><b>LEPOTNI CENTER DINO&amp;DINO, DINO IVANU\u0160A S.P.<\/b><br \/>Ljubljanska cesta 91 A<br \/>3000 Celje<\/p>\r\n<p>Mafia: +386 (0) 40 494 444<br \/>Tel: +386 (0) 590 876 00<\/p>\r\n<p>E-Mail-Informationen:\u00a0<a href=\"mailto:info@wellnessaspara.com\">info@wellnessaspara.com<\/a><br \/>E-Mail-Team:\u00a0<a href=\"mailto:aspara.team@gmail.com\">aspara.team@gmail.com<\/a><\/p>\r\n<h2>Daten-Prozessor<\/h2>\r\n<p>MARCELINO d.o.o. Kranj\u010deva ulica 4; 3000 Celje; EU-Slowenija<br \/>WEB: http:\/\/marcelino.si und http:\/\/passengereye.com<br \/>Tel:+386 (0) 59 182 800, +386 (0) 59 251 431<\/p>\r\n<p>GSM:+386 (0) 31 324 100; +386 (0) 70 602 000<br \/>E-mail:info@marcelino.si<br \/>Umsatzsteuer-Nr: SI76044157<br \/>Registrierungsnummer: 2276038000<br \/>Das Unternehmen ist im Handelsregister des Amtsgerichts Celje eingetragen.<\/p>\r\n<h2>Arten der gesammelten Daten<\/h2>\r\n<p>Der Eigent\u00fcmer stellt keine Liste der gesammelten pers\u00f6nlichen Datentypen zur Verf\u00fcgung.<\/p>\r\n<p>Andere gesammelte pers\u00f6nliche Daten k\u00f6nnen in anderen Abschnitten dieser Datenschutzrichtlinie oder durch einen speziellen Erkl\u00e4rungstext im Zusammenhang mit der Datensammlung beschrieben werden.<\/p>\r\n<p>Die pers\u00f6nlichen Daten k\u00f6nnen vom Benutzer frei zur Verf\u00fcgung gestellt oder automatisch bei der Nutzung dieser Anwendung gesammelt werden.<\/p>\r\n<p>Jegliche Verwendung von Cookies - oder anderen Tracking-Tools - durch diese Anwendung oder durch die Eigent\u00fcmer von Dienstleistungen Dritter, die von dieser Anwendung genutzt werden, dient, sofern nicht anders angegeben, dazu, Benutzer zu identifizieren und sich an ihre Pr\u00e4ferenzen zu erinnern, und zwar ausschlie\u00dflich zu dem Zweck, die vom Benutzer gew\u00fcnschte Dienstleistung zu erbringen.<\/p>\r\n<p>Die Nichtbereitstellung bestimmter pers\u00f6nlicher Daten kann dazu f\u00fchren, dass diese Anwendung ihre Dienstleistungen nicht erbringen kann.<\/p>\r\n<p>Die Benutzer sind f\u00fcr alle pers\u00f6nlichen Daten Dritter, die durch diese Anwendung erhalten, ver\u00f6ffentlicht oder weitergegeben werden, verantwortlich und best\u00e4tigen, dass sie die Zustimmung des Dritten zur Weitergabe der Daten an den Eigent\u00fcmer haben.<\/p>\r\n<h2>Art und Ort der Verarbeitung der Daten<\/h2>\r\n<h2>Methoden der Verarbeitung<\/h2>\r\n<p>Der f\u00fcr die Datenverarbeitung Verantwortliche verarbeitet die Daten der Benutzer auf ordnungsgem\u00e4\u00dfe Weise und ergreift angemessene Sicherheitsma\u00dfnahmen, um unbefugten Zugriff, Offenlegung, \u00c4nderung oder unbefugte Zerst\u00f6rung der Daten zu verhindern.<\/p>\r\n<p>Die Datenverarbeitung erfolgt mit Hilfe von Computern und\/oder IT-gest\u00fctzten Hilfsmitteln und folgt organisatorischen Verfahren und Modalit\u00e4ten, die strikt auf die angegebenen Zwecke ausgerichtet sind. Neben dem Inhaber der Datenverarbeitung k\u00f6nnen die Daten in einigen F\u00e4llen auch bestimmten Arten von Verantwortlichen zug\u00e4nglich sein, die mit dem Betrieb der Website befasst sind (Verwaltung, Vertrieb, Marketing, Recht, Systemverwaltung) oder externen Parteien (wie z.B. dritten technischen Dienstleistern, Mail-Carriern, Hosting-Providern, IT-Unternehmen, Kommunikationsagenturen), die gegebenenfalls vom Inhaber als Datenverarbeiter ernannt werden. Die aktualisierte Liste dieser Parteien kann jederzeit beim Inhaber der Datenverarbeitung angefordert werden.<\/p>\r\n<h2>Ort<\/h2>\r\n<p>Die Daten werden in den Betriebsb\u00fcros des f\u00fcr die Verarbeitung Verantwortlichen und an allen anderen Orten verarbeitet, an denen sich die an der Verarbeitung beteiligten Parteien befinden. F\u00fcr weitere Informationen wenden Sie sich bitte an den Inhaber der Datenverarbeitung.<\/p>\r\n<h2>Verweildauer<\/h2>\r\n<p>Die Daten werden f\u00fcr den Zeitraum aufbewahrt, der notwendig ist, um die vom Benutzer angeforderte Dienstleistung zu erbringen, oder durch die in diesem Dokument dargelegten Zwecke angegeben wird, und der Benutzer kann jederzeit verlangen, dass der f\u00fcr die Datenverarbeitung Verantwortliche die Daten aussetzen oder entfernen l\u00e4sst.<\/p>\r\n<h2>Weitere Informationen zur Datenerhebung und -verarbeitung<\/h2>\r\n<h2>Rechtliche Schritte<\/h2>\r\n<p>Die pers\u00f6nlichen Daten des Benutzers k\u00f6nnen vom Daten-Controller f\u00fcr rechtliche Zwecke, vor Gericht oder in den Phasen verwendet werden, die zu m\u00f6glichen rechtlichen Schritten f\u00fchren, die sich aus der missbr\u00e4uchlichen Verwendung dieser Anwendung oder der damit verbundenen Dienstleistungen ergeben.<\/p>\r\n<p>Der Benutzer erkl\u00e4rt, sich bewusst zu sein, dass der f\u00fcr die Datenverarbeitung Verantwortliche verpflichtet sein kann, personenbezogene Daten auf Anfrage von Beh\u00f6rden offenzulegen.<\/p>\r\n<h2>Zus\u00e4tzliche Informationen \u00fcber die pers\u00f6nlichen Daten der Benutzer<\/h2>\r\n<p>Zus\u00e4tzlich zu den Informationen, die in dieser Datenschutzrichtlinie enthalten sind, kann diese Anwendung dem Benutzer auf Anfrage zus\u00e4tzliche und kontextbezogene Informationen \u00fcber bestimmte Dienstleistungen oder die Erfassung und Verarbeitung pers\u00f6nlicher Daten zur Verf\u00fcgung stellen.<\/p>\r\n<h2>Systemprotokolle und Wartung<\/h2>\r\n<p>Zu Betriebs- und Wartungszwecken k\u00f6nnen diese Anwendung und die Dienste Dritter Dateien sammeln, die die Interaktion mit dieser Anwendung aufzeichnen (Systemprotokolle), oder zu diesem Zweck andere personenbezogene Daten (z. B. IP-Adresse) verwenden.<\/p>\r\n<h2>Nicht in dieser Richtlinie enthaltene Informationen<\/h2>\r\n<p>Weitere Einzelheiten bez\u00fcglich der Erhebung oder Verarbeitung personenbezogener Daten k\u00f6nnen jederzeit beim f\u00fcr die Datenverarbeitung Verantwortlichen angefordert werden. Bitte beachten Sie die Kontaktinformationen am Anfang dieses Dokuments.<\/p>\r\n<h2>Die Rechte der Benutzer<\/h2>\r\n<p>Die Benutzer haben jederzeit das Recht, zu erfahren, ob ihre pers\u00f6nlichen Daten gespeichert wurden und k\u00f6nnen sich an den Inhaber der Datenverarbeitung wenden, um deren Inhalt und Herkunft zu erfahren, deren Richtigkeit zu \u00fcberpr\u00fcfen oder deren Erg\u00e4nzung, L\u00f6schung, Aktualisierung oder Berichtigung zu verlangen, oder deren Umwandlung in anonyme Form oder die Sperrung gesetzeswidrig gespeicherter Daten zu verlangen, sowie sich aus allen legitimen Gr\u00fcnden ihrer Behandlung zu widersetzen. Anfragen sind an den f\u00fcr die Datenverarbeitung Verantwortlichen unter den oben angegebenen Kontaktinformationen zu richten.<\/p>\r\n<p>Diese Anwendung unterst\u00fctzt keine \"Do Not Track\"-Anfragen.<br \/>Um festzustellen, ob die von ihr in Anspruch genommenen Dienstleistungen Dritter die \"Do Not Track\"-Anforderungen erf\u00fcllen, lesen Sie bitte deren Datenschutzrichtlinien.<\/p>\r\n<h2>\u00c4nderungen an dieser Datenschutzerkl\u00e4rung<\/h2>\r\n<p>Der f\u00fcr die Datenverarbeitung Verantwortliche beh\u00e4lt sich das Recht vor, jederzeit \u00c4nderungen an dieser Datenschutzerkl\u00e4rung vorzunehmen, indem er seine Benutzer auf dieser Seite dar\u00fcber informiert. Es wird dringend empfohlen, diese Seite h\u00e4ufig zu \u00fcberpr\u00fcfen und sich dabei auf das Datum der letzten \u00c4nderung zu beziehen, das unten aufgef\u00fchrt ist. Wenn ein Benutzer gegen eine der \u00c4nderungen an der Richtlinie Einw\u00e4nde erhebt, muss der Benutzer die Nutzung dieser Anwendung einstellen und kann verlangen, dass der f\u00fcr die Datenverarbeitung Verantwortliche die pers\u00f6nlichen Daten entfernt. Sofern nicht anders angegeben, gilt die zu diesem Zeitpunkt aktuelle Datenschutzrichtlinie f\u00fcr alle pers\u00f6nlichen Daten, die der f\u00fcr die Datenverarbeitung Verantwortliche \u00fcber die Benutzer hat.<\/p>\r\n<h2>Informationen \u00fcber diese Datenschutzerkl\u00e4rung<\/h2>\r\n<p>Der Inhaber der Datenverarbeitung ist f\u00fcr diese Datenschutzerkl\u00e4rung verantwortlich, die ausgehend von den von Marcelino d.o.o. bereitgestellten Modulen erstellt und auf den Servern von Marcelino d.o.o. gehostet wird.<\/p>\r\n<h2>Definitionen und rechtliche Hinweise<\/h2>\r\n<p><b>Pers\u00f6nliche Daten (oder Daten)<\/b><br \/>Alle Informationen \u00fcber eine nat\u00fcrliche Person, eine juristische Person, eine Institution oder eine Vereinigung, die, auch indirekt, durch Bezugnahme auf andere Informationen, einschlie\u00dflich einer pers\u00f6nlichen Identifikationsnummer, identifiziert wird oder identifiziert werden kann.<\/p>\r\n<p><b>Nutzungsdaten<\/b><br \/>Informationen, die automatisch von dieser Anwendung (oder den in dieser Anwendung verwendeten Diensten Dritter) gesammelt werden, darunter: die IP-Adressen oder Domain-Namen der Computer, die von den Benutzern, die diese Anwendung verwenden, verwendet werden, die URI-Adressen (Uniform Resource Identifier), die Uhrzeit der Anfrage, die zur \u00dcbermittlung der Anfrage an den Server verwendete Methode, die Gr\u00f6\u00dfe der als Antwort erhaltenen Datei, der numerische Code, der den Status der Antwort des Servers angibt (erfolgreicher Ausgang, Fehler usw.).), das Herkunftsland, die Eigenschaften des Browsers und des vom Benutzer verwendeten Betriebssystems, die verschiedenen Zeitangaben pro Besuch (z.B, ), das Herkunftsland, die Merkmale des Browsers und des vom Benutzer verwendeten Betriebssystems, die verschiedenen Zeitangaben pro Besuch (z.B. die auf jeder Seite innerhalb der Anwendung verbrachte Zeit) und die Einzelheiten \u00fcber den innerhalb der Anwendung verfolgten Pfad unter besonderer Ber\u00fccksichtigung der Reihenfolge der besuchten Seiten und anderer Parameter \u00fcber das Betriebssystem des Ger\u00e4ts und\/oder die IT-Umgebung des Benutzers.<\/p>\r\n<p><b>Benutzer<\/b><br \/>Die Person, die diese Anwendung verwendet, die mit dem Datensubjekt, auf das sich die pers\u00f6nlichen Daten beziehen, \u00fcbereinstimmen muss oder von diesem autorisiert sein muss.<\/p>\r\n<p><b>Datensubjekt<\/b><br \/>Die juristische oder nat\u00fcrliche Person, auf die sich die pers\u00f6nlichen Daten beziehen.<\/p>\r\n<p><b>Datenverarbeiter (oder Datenverantwortlicher)<\/b><br \/>Die nat\u00fcrliche oder juristische Person, die \u00f6ffentliche Verwaltung oder jede andere K\u00f6rperschaft, Vereinigung oder Organisation, die vom f\u00fcr die Datenverarbeitung Verantwortlichen autorisiert wurde, die personenbezogenen Daten in \u00dcbereinstimmung mit dieser Datenschutzerkl\u00e4rung zu verarbeiten.<\/p>\r\n<p><b>Daten-Controller (oder Eigent\u00fcmer)<\/b><br \/>Die nat\u00fcrliche oder juristische Person, die \u00f6ffentliche Verwaltung oder jede andere K\u00f6rperschaft, Vereinigung oder Organisation, die das Recht hat, auch gemeinsam mit einem anderen f\u00fcr die Datenverarbeitung Verantwortlichen Entscheidungen \u00fcber die Zwecke und Methoden der Verarbeitung personenbezogener Daten und die verwendeten Mittel, einschlie\u00dflich der Sicherheitsma\u00dfnahmen f\u00fcr den Betrieb und die Nutzung dieser Anwendung, zu treffen. Der f\u00fcr die Datenverarbeitung Verantwortliche ist, sofern nicht anders angegeben, der Eigent\u00fcmer dieser Anwendung.<\/p>\r\n<p><b>Diese Anwendung<\/b><br \/>Das Hardware- oder Software-Werkzeug, mit dem die pers\u00f6nlichen Daten des Benutzers gesammelt werden.<\/p>\r\n<p><b>Rechtliche Informationen<\/b><br \/>Hinweis f\u00fcr europ\u00e4ische Benutzer: Diese Datenschutzerkl\u00e4rung wurde in Erf\u00fcllung der Verpflichtungen gem\u00e4\u00df Art. 10 der EG-Richtlinie Nr. 95\/46\/EG und gem\u00e4\u00df den Bestimmungen der Richtlinie 2002\/58\/EG, \u00fcberarbeitet durch die Richtlinie 2009\/136\/EG, zum Thema Cookies erstellt.<\/p>\r\n<p>Diese Datenschutzerkl\u00e4rung bezieht sich ausschlie\u00dflich auf diese Anwendung.<br \/>Letzte Aktualisierung: 31. September 2019<\/p>\r\n<p>&nbsp;<\/p>\r\n<h2>Privatpolitik - Allgemeines<\/h2>\r\n<h2>Wer wir sind<\/h2>\r\n\r\n\r\n\r\n<p>Die Adresse unserer Website lautet: https:\/\/shop.wellnessaspara.com.<\/p>\r\n\r\n\r\n\r\n<h2 class=\"wp-block-heading\">Welche pers\u00f6nlichen Daten wir sammeln und warum wir sie sammeln<\/h2>\r\n\r\n\r\n\r\n<h3 class=\"wp-block-heading\">Anmerkungen<\/h3>\r\n\r\n\r\n\r\n<p>Wenn Besucher Kommentare auf der Website hinterlassen, erfassen wir die Daten, die im Kommentarformular angezeigt werden, sowie die IP-Adresse des Besuchers und den User-Agent-String des Browsers, um die Spam-Erkennung zu unterst\u00fctzen.<\/p>\r\n\r\n\r\n\r\n<p>Eine anonymisierte Zeichenfolge, die aus Ihrer E-Mail-Adresse erstellt wurde (auch Hash genannt), kann dem Gravatar-Dienst zur Verf\u00fcgung gestellt werden, um zu sehen, ob Sie diese verwenden. Die Datenschutzerkl\u00e4rung des Gravatar-Dienstes ist hier verf\u00fcgbar: https:\/\/automattic.com\/privacy\/. Nach Genehmigung Ihres Kommentars ist Ihr Profilbild im Rahmen Ihres Kommentars f\u00fcr die \u00d6ffentlichkeit sichtbar.<\/p>\r\n\r\n\r\n\r\n<h3 class=\"wp-block-heading\">Medien<\/h3>\r\n\r\n\r\n\r\n<p>Wenn Sie Bilder auf die Website hochladen, sollten Sie das Hochladen von Bildern mit eingebetteten Standortdaten (EXIF GPS) vermeiden. Besucher der Website k\u00f6nnen beliebige Standortdaten von Bildern auf der Website herunterladen und extrahieren.<\/p>\r\n\r\n\r\n\r\n<h3 class=\"wp-block-heading\">Kontakt-Formulare<\/h3>\r\n\r\n\r\n\r\n<h3 class=\"wp-block-heading\">Cookies<\/h3>\r\n\r\n\r\n\r\n<p>Wenn Sie einen Kommentar auf unserer Website hinterlassen, k\u00f6nnen Sie sich daf\u00fcr entscheiden, Ihren Namen, Ihre E-Mail-Adresse und Ihre Website in Cookies zu speichern. Diese dienen Ihrer Bequemlichkeit, so dass Sie Ihre Angaben nicht erneut ausf\u00fcllen m\u00fcssen, wenn Sie einen weiteren Kommentar hinterlassen. Diese Cookies sind ein Jahr lang g\u00fcltig.<\/p>\r\n\r\n\r\n\r\n<p>Wenn Sie unsere Login-Seite besuchen, setzen wir ein tempor\u00e4res Cookie, um festzustellen, ob Ihr Browser Cookies akzeptiert. Dieses Cookie enth\u00e4lt keine pers\u00f6nlichen Daten und wird verworfen, wenn Sie Ihren Browser schlie\u00dfen.<\/p>\r\n\r\n\r\n\r\n<p>Wenn Sie sich einloggen, richten wir auch mehrere Cookies ein, um Ihre Login-Daten und Ihre Bildschirmanzeigeauswahl zu speichern. Login-Cookies halten zwei Tage und Cookies f\u00fcr Bildschirmoptionen ein Jahr lang. Wenn Sie \"Remember Me\" w\u00e4hlen, bleibt Ihr Login zwei Wochen lang bestehen. Wenn Sie sich von Ihrem Konto abmelden, werden die Login-Cookies entfernt.<\/p>\r\n\r\n\r\n\r\n<p>Wenn Sie einen Artikel bearbeiten oder ver\u00f6ffentlichen, wird ein zus\u00e4tzliches Cookie in Ihrem Browser gespeichert. Dieses Cookie enth\u00e4lt keine pers\u00f6nlichen Daten und zeigt lediglich die Post-ID des Artikels an, den Sie gerade bearbeitet haben. Es verf\u00e4llt nach 1 Tag.<\/p>\r\n\r\n\r\n\r\n<h3 class=\"wp-block-heading\">Eingebettete Inhalte von anderen Websites<\/h3>\r\n\r\n\r\n\r\n<p>Artikel auf dieser Website k\u00f6nnen eingebettete Inhalte (z.B. Videos, Bilder, Artikel usw.) enthalten. Eingebetteter Inhalt von anderen Websites verh\u00e4lt sich genau so, als ob der Besucher die andere Website besucht h\u00e4tte.<\/p>\r\n\r\n\r\n\r\n<p>Diese Websites k\u00f6nnen Daten \u00fcber Sie sammeln, Cookies verwenden, zus\u00e4tzliche Nachverfolgung durch Dritte einbetten und Ihre Interaktion mit diesem eingebetteten Inhalt \u00fcberwachen, einschlie\u00dflich der Nachverfolgung Ihrer Interaktion mit dem eingebetteten Inhalt, wenn Sie ein Konto haben und auf dieser Website eingeloggt sind.<\/p>\r\n\r\n\r\n\r\n<h3 class=\"wp-block-heading\">Analytik<\/h3>\r\n\r\n\r\n\r\n<h2 class=\"wp-block-heading\">Mit wem wir Ihre Daten austauschen<\/h2>\r\n\r\n\r\n\r\n<h2 class=\"wp-block-heading\">Wie lange wir Ihre Daten aufbewahren<\/h2>\r\n\r\n\r\n\r\n<p>Wenn Sie einen Kommentar hinterlassen, bleiben der Kommentar und seine Metadaten auf unbestimmte Zeit erhalten. Auf diese Weise k\u00f6nnen wir Folgekommentare automatisch erkennen und genehmigen, anstatt sie in einer Moderationswarteschlange zu halten.<\/p>\r\n\r\n\r\n\r\n<p>F\u00fcr Benutzer, die sich auf unserer Website registrieren (falls vorhanden), speichern wir die von ihnen angegebenen pers\u00f6nlichen Informationen auch in ihrem Benutzerprofil. Alle Benutzer k\u00f6nnen ihre pers\u00f6nlichen Informationen jederzeit einsehen, bearbeiten oder l\u00f6schen (au\u00dfer sie k\u00f6nnen ihren Benutzernamen nicht \u00e4ndern). Website-Administratoren k\u00f6nnen diese Informationen ebenfalls einsehen und bearbeiten.<\/p>\r\n\r\n\r\n\r\n<h2 class=\"wp-block-heading\">Welche Rechte Sie an Ihren Daten haben<\/h2>\r\n\r\n\r\n\r\n<p>Wenn Sie ein Konto auf dieser Website haben oder Kommentare hinterlassen haben, k\u00f6nnen Sie eine exportierte Datei der pers\u00f6nlichen Daten anfordern, die wir \u00fcber Sie gespeichert haben, einschlie\u00dflich aller Daten, die Sie uns zur Verf\u00fcgung gestellt haben. Sie k\u00f6nnen auch verlangen, dass wir alle pers\u00f6nlichen Daten, die wir \u00fcber Sie gespeichert haben, l\u00f6schen. Dies schlie\u00dft keine Daten ein, die wir aus administrativen, rechtlichen oder Sicherheitszwecken aufbewahren m\u00fcssen.<\/p>\r\n\r\n\r\n\r\n<h2 class=\"wp-block-heading\">Wohin wir Ihre Daten senden<\/h2>\r\n\r\n\r\n\r\n<p>Kommentare von Besuchern k\u00f6nnen durch einen automatischen Spam-Erkennungsdienst \u00fcberpr\u00fcft werden.<\/p>\r\n\r\n\r\n\r\n<h2 class=\"wp-block-heading\">Ihre Kontaktinformationen<\/h2>\r\n\r\n\r\n\r\n<h2 class=\"wp-block-heading\">Zus\u00e4tzliche Informationen<\/h2>\r\n\r\n\r\n\r\n<h3 class=\"wp-block-heading\">Wie wir Ihre Daten sch\u00fctzen<\/h3>\r\n\r\n\r\n\r\n<h3 class=\"wp-block-heading\">Welche Datenverletzungsverfahren haben wir eingef\u00fchrt?<\/h3>\r\n\r\n\r\n\r\n<h3 class=\"wp-block-heading\">Von welchen Dritten wir Daten erhalten<\/h3>\r\n\r\n\r\n\r\n<h3 class=\"wp-block-heading\">Welche automatisierte Entscheidungsfindung und\/oder Profilerstellung wir mit Benutzerdaten durchf\u00fchren<\/h3>\r\n\r\n\r\n\r\n<h3 class=\"wp-block-heading\">Aufsichtsrechtliche Offenlegungsanforderungen der Industrie<\/h3>","protected":false},"excerpt":{"rendered":"<p>PRIVACY POLICY OF THE MOBILE APPLICATION (WELLNESSASPARA.COM MOBILE APP) In order to receive information about your Personal Data, the purposes and the parties the Data is shared with, contact the Owner. Data Owner LEPOTNI CENTER DINO&amp;DINO, DINO IVANU\u0160A S.P. Wellnessaspara.com Naziv: LEPOTNI CENTER DINO&amp;DINO, DINO IVANU\u0160A S.P. Naslov: LJUBLJANSKA CESTA[&#8230;]<\/p>","protected":false},"author":1,"featured_media":0,"parent":0,"menu_order":0,"comment_status":"closed","ping_status":"closed","template":"","meta":[],"aioseo_notices":[],"_links":{"self":[{"href":"https:\/\/shop.wellnessaspara.com\/de\/wp-json\/wp\/v2\/pages\/3"}],"collection":[{"href":"https:\/\/shop.wellnessaspara.com\/de\/wp-json\/wp\/v2\/pages"}],"about":[{"href":"https:\/\/shop.wellnessaspara.com\/de\/wp-json\/wp\/v2\/types\/page"}],"author":[{"embeddable":true,"href":"https:\/\/shop.wellnessaspara.com\/de\/wp-json\/wp\/v2\/users\/1"}],"replies":[{"embeddable":true,"href":"https:\/\/shop.wellnessaspara.com\/de\/wp-json\/wp\/v2\/comments?post=3"}],"version-history":[{"count":2,"href":"https:\/\/shop.wellnessaspara.com\/de\/wp-json\/wp\/v2\/pages\/3\/revisions"}],"predecessor-version":[{"id":3533,"href":"https:\/\/shop.wellnessaspara.com\/de\/wp-json\/wp\/v2\/pages\/3\/revisions\/3533"}],"wp:attachment":[{"href":"https:\/\/shop.wellnessaspara.com\/de\/wp-json\/wp\/v2\/media?parent=3"}],"curies":[{"name":"wp","href":"https:\/\/api.w.org\/{rel}","templated":true}]}}