{"id":3,"date":"2020-01-06T05:22:22","date_gmt":"2020-01-06T05:22:22","guid":{"rendered":"https:\/\/shop.wellnessaspara.com\/?page_id=3"},"modified":"2020-10-30T11:37:09","modified_gmt":"2020-10-30T11:37:09","slug":"privacy-policy","status":"publish","type":"page","link":"https:\/\/shop.wellnessaspara.com\/es\/privacy-policy\/","title":{"rendered":"Pol\u00edtica de privacidad"},"content":{"rendered":"<h2 class=\"wp-block-heading\">POL\u00cdTICA DE PRIVACIDAD DE LA APLICACI\u00d3N M\u00d3VIL (WELLNESSASPARA.COM MOBILE APP)<\/h2>\r\n<p>Para recibir informaci\u00f3n sobre sus Datos Personales, los prop\u00f3sitos y las partes con las que se comparten los Datos, contacte con el Propietario.<\/p>\r\n<h2>Propietario de los datos<\/h2>\r\n<h2>CENTRO LEPOTNI DINO&amp;DINO, DINO IVANU\u0160A S.P.<\/h2>\r\n<h2>Wellnessaspara.com<\/h2>\r\n<ul>\r\n<li>Naziv: CENTRO LEPOTNI DINO&amp;DINO, DINO IVANU\u0160A S.P.<\/li>\r\n<li>Naslov: LJUBLJANSKA CESTA 91 A , 3000 CELJE<\/li>\r\n<li>Estado: Fizi\u010dna oseba<\/li>\r\n<li>IDENTIFICACI\u00d3N DE DDV: SI63087740<\/li>\r\n<li>Urad DURS: DU Celje<\/li>\r\n<\/ul>\r\n<p><strong>AKTIVNI TRANSAKCIJSKI RA\u010cUNI:<\/strong><br \/>ra\u010duna\u00a0\u00a0<b>|\u00a0\u00a0<\/b>Vrsta<b>\u00a0|\u00a0<\/b>Banka\u00a0<b>|\u00a0<\/b>\u00a0Odprt<br \/>SI5603116-1000725715<b>\u00a0|<\/b>\u00a0T\u00a0<b>|<\/b>\u00a0SKB Banka<b>\u00a0|\u00a0<\/b>\u00a001.08.2017<\/p>\r\n<h2>Cont\u00e1ctenos<\/h2>\r\n<p>Por favor, p\u00f3ngase en contacto con nosotros a trav\u00e9s del siguiente formulario, o por correo electr\u00f3nico o tel\u00e9fono para una pronta respuesta.<\/p>\r\n<p>Tambi\u00e9n puede hacer una reserva por cualquiera de los siguientes m\u00e9todos de contacto.<\/p>\r\n<p>Bienestar Aspara<br \/><a href=\"https:\/\/shop.wellnessaspara.com\/\">www.wellnessaspara.com<\/a><\/p>\r\n<p><b>CENTRO LEPOTNI DINO&amp;DINO, DINO IVANU\u0160A S.P.<\/b><br \/>Ljubljanska cesta 91 A<br \/>3000 Celje<\/p>\r\n<p>La mafia: +386 (0) 40 494 444<br \/>Tel: +386 (0) 590 876 00<\/p>\r\n<p>Informaci\u00f3n de correo electr\u00f3nico:\u00a0<a href=\"mailto:info@wellnessaspara.com\">info@wellnessaspara.com<\/a><br \/>Equipo de correo electr\u00f3nico:\u00a0<a href=\"mailto:aspara.team@gmail.com\">aspara.team@gmail.com<\/a><\/p>\r\n<h2>Procesador de datos<\/h2>\r\n<p>MARCELINO d.o.o. Kranj\u010deva ulica 4; 3000 Celje; EU-Slovenija<br \/>WEB: http:\/\/marcelino.si y http:\/\/passengereye.com<br \/>Tel:+386 (0) 59 182 800, +386 (0) 59 251 431<\/p>\r\n<p>GSM:+386 (0) 31 324 100; +386 (0) 70 602 000<br \/>E-mail:info@marcelino.si<br \/>N\u00famero de IVA..: SI76044157<br \/>N\u00famero de registro: 2276038000<br \/>La empresa est\u00e1 registrada en el Registro de Empresas del Tribunal de Distrito de Celje.<\/p>\r\n<h2>Tipos de datos recopilados<\/h2>\r\n<p>El propietario no proporciona una lista de los tipos de datos personales recopilados.<\/p>\r\n<p>Otros Datos Personales recogidos pueden describirse en otras secciones de esta pol\u00edtica de privacidad o mediante un texto explicativo espec\u00edfico contextualmente a la recogida de Datos.<\/p>\r\n<p>Los Datos Personales pueden ser proporcionados libremente por el Usuario, o recogidos autom\u00e1ticamente al utilizar esta Aplicaci\u00f3n.<\/p>\r\n<p>Cualquier uso de Cookies - o de otras herramientas de seguimiento - por parte de la presente Aplicaci\u00f3n o de los titulares de los servicios de terceros utilizados por la misma, salvo que se indique lo contrario, sirve para identificar a los Usuarios y recordar sus preferencias, con el \u00fanico fin de prestar el servicio requerido por el Usuario.<\/p>\r\n<p>El hecho de que no se proporcionen ciertos datos personales puede hacer que la presente solicitud no pueda prestar sus servicios.<\/p>\r\n<p>Los usuarios son responsables de los Datos Personales de terceros obtenidos, publicados o compartidos a trav\u00e9s de esta Aplicaci\u00f3n y confirman que tienen el consentimiento de los terceros para proporcionar los Datos al Propietario.<\/p>\r\n<h2>Modo y lugar de procesamiento de los datos<\/h2>\r\n<h2>M\u00e9todos de procesamiento<\/h2>\r\n<p>El Controlador de Datos procesa los Datos de los Usuarios de manera adecuada y tomar\u00e1 las medidas de seguridad apropiadas para impedir el acceso, la divulgaci\u00f3n, la modificaci\u00f3n o la destrucci\u00f3n no autorizados de los Datos.<\/p>\r\n<p>El procesamiento de los datos se lleva a cabo utilizando computadoras y\/o herramientas habilitadas para la tecnolog\u00eda de la informaci\u00f3n, siguiendo procedimientos y modos de organizaci\u00f3n estrictamente relacionados con los fines indicados. Adem\u00e1s del Titular, en algunos casos, los Datos pueden ser accesibles a ciertos tipos de responsables, involucrados en el funcionamiento del sitio (administraci\u00f3n, ventas, marketing, jur\u00eddico, administraci\u00f3n de sistemas) o a partes externas (como terceros proveedores de servicios t\u00e9cnicos, empresas de correo, proveedores de alojamiento, empresas de inform\u00e1tica, agencias de comunicaci\u00f3n) designados, si es necesario, como Encargados del Tratamiento por el Titular. La lista actualizada de esas partes puede solicitarse al Titular en cualquier momento.<\/p>\r\n<h2>Lugar<\/h2>\r\n<p>Los datos se procesan en las oficinas de operaciones del Controlador de Datos y en cualquier otro lugar en el que se encuentren las partes implicadas en el procesamiento. Para m\u00e1s informaci\u00f3n, por favor contacte con el Controlador de Datos.<\/p>\r\n<h2>Tiempo de retenci\u00f3n<\/h2>\r\n<p>Los datos se conservan durante el tiempo necesario para prestar el servicio solicitado por el usuario, o indicado por los fines expuestos en el presente documento, y el usuario siempre puede solicitar al responsable de los datos que suspenda o elimine los datos.<\/p>\r\n<h2>Informaci\u00f3n adicional sobre Reuni\u00f3n y procesamiento de datos<\/h2>\r\n<h2>Acci\u00f3n legal<\/h2>\r\n<p>Los Datos Personales del Usuario pueden ser utilizados con fines legales por el Controlador de los Datos, en los tribunales o en las etapas conducentes a posibles acciones legales derivadas del uso indebido de esta Aplicaci\u00f3n o de los servicios conexos.<\/p>\r\n<p>El usuario declara tener conocimiento de que el controlador de datos puede estar obligado a revelar datos personales a petici\u00f3n de las autoridades p\u00fablicas.<\/p>\r\n<h2>Informaci\u00f3n adicional sobre los datos personales del usuario<\/h2>\r\n<p>Adem\u00e1s de la informaci\u00f3n contenida en la presente pol\u00edtica de privacidad, esta Solicitud puede proporcionar al Usuario informaci\u00f3n adicional y contextual relativa a servicios particulares o a la recopilaci\u00f3n y procesamiento de Datos Personales previa solicitud.<\/p>\r\n<h2>Registros y mantenimiento del sistema<\/h2>\r\n<p>Para fines de operaci\u00f3n y mantenimiento, esta Aplicaci\u00f3n y cualquier servicio de terceros puede recopilar archivos que registren la interacci\u00f3n con esta Aplicaci\u00f3n (Registros del sistema) o utilizar para este fin otros datos personales (como la direcci\u00f3n IP).<\/p>\r\n<h2>Informaci\u00f3n que no figura en la presente pol\u00edtica<\/h2>\r\n<p>En cualquier momento se pueden solicitar m\u00e1s detalles sobre la recopilaci\u00f3n o el procesamiento de datos personales al responsable de los datos. Por favor, vea la informaci\u00f3n de contacto al principio de este documento.<\/p>\r\n<h2>Los derechos de los usuarios<\/h2>\r\n<p>Los usuarios tienen derecho a saber en cualquier momento si sus datos personales han sido almacenados y pueden consultar al responsable del tratamiento para conocer su contenido y origen, verificar su exactitud o pedir que se completen, cancelen, actualicen o corrijan, o que se transformen en formato an\u00f3nimo o que se bloqueen los datos que se encuentren en violaci\u00f3n de la ley, as\u00ed como oponerse a su tratamiento por cualquier motivo leg\u00edtimo. Las solicitudes deber\u00e1n enviarse al responsable del tratamiento de los datos en la direcci\u00f3n indicada anteriormente.<\/p>\r\n<p>Esta solicitud no admite solicitudes de \"no seguimiento\".<br \/>Para determinar si alguno de los servicios de terceros que utiliza cumple con las solicitudes de \"No Rastrear\", por favor lea sus pol\u00edticas de privacidad.<\/p>\r\n<h2>Cambios en esta pol\u00edtica de privacidad<\/h2>\r\n<p>El Controlador de Datos se reserva el derecho de hacer cambios en esta pol\u00edtica de privacidad en cualquier momento, notificando a sus usuarios en esta p\u00e1gina. Se recomienda encarecidamente consultar esta p\u00e1gina con frecuencia, haciendo referencia a la fecha de la \u00faltima modificaci\u00f3n que aparece en la parte inferior. Si un Usuario se opone a cualquiera de los cambios de la Pol\u00edtica, el Usuario debe dejar de utilizar esta Aplicaci\u00f3n y puede solicitar que el Controlador de Datos elimine los Datos Personales. A menos que se indique lo contrario, la pol\u00edtica de privacidad vigente en ese momento se aplica a todos los Datos Personales que el Controlador de Datos tenga sobre los Usuarios.<\/p>\r\n<h2>Informaci\u00f3n sobre esta pol\u00edtica de privacidad<\/h2>\r\n<p>El Controlador de Datos es responsable de esta pol\u00edtica de privacidad, preparada a partir de los m\u00f3dulos proporcionados por Marcelino d.o.o. y alojados en los servidores de Marcelino d.o.o.<\/p>\r\n<h2>Definiciones y referencias legales<\/h2>\r\n<p><b>Datos personales (o datos)<\/b><br \/>Toda informaci\u00f3n relativa a una persona f\u00edsica, una persona jur\u00eddica, una instituci\u00f3n o una asociaci\u00f3n, que se identifique o pueda identificarse, incluso indirectamente, por referencia a cualquier otra informaci\u00f3n, incluido un n\u00famero de identificaci\u00f3n personal.<\/p>\r\n<p><b>Datos de uso<\/b><br \/>Informaci\u00f3n recopilada autom\u00e1ticamente de esta Aplicaci\u00f3n (o de los servicios de terceros empleados en esta Aplicaci\u00f3n), que puede incluir: las direcciones IP o los nombres de dominio de las computadoras utilizadas por los Usuarios que utilizan esta Aplicaci\u00f3n, las direcciones URI (Uniform Resource Identifier), la hora de la solicitud, el m\u00e9todo utilizado para presentar la solicitud al servidor, el tama\u00f1o del archivo recibido en respuesta, el c\u00f3digo num\u00e9rico que indica el estado de la respuesta del servidor (resultado satisfactorio, error, etc.).), el pa\u00eds de origen, las caracter\u00edsticas del navegador y el sistema operativo utilizado por el usuario, los distintos detalles de tiempo por visita (por ejemplo el tiempo empleado en cada p\u00e1gina dentro de la Aplicaci\u00f3n) y los detalles sobre el camino seguido dentro de la Aplicaci\u00f3n con especial referencia a la secuencia de p\u00e1ginas visitadas, y otros par\u00e1metros sobre el sistema operativo del dispositivo y\/o el entorno inform\u00e1tico del Usuario.<\/p>\r\n<p><b>Usuario<\/b><br \/>La persona que utiliza esta Aplicaci\u00f3n, que debe coincidir con el Sujeto de los Datos o estar autorizada por \u00e9l, a quien se refieren los Datos Personales.<\/p>\r\n<p><b>Sujeto de los datos<\/b><br \/>La persona f\u00edsica o jur\u00eddica a la que se refieren los datos personales.<\/p>\r\n<p><b>Procesador de datos (o supervisor de datos)<\/b><br \/>La persona f\u00edsica, la persona jur\u00eddica, la administraci\u00f3n p\u00fablica o cualquier otro organismo, asociaci\u00f3n u organizaci\u00f3n autorizada por el Controlador de Datos para procesar los Datos Personales en cumplimiento de esta pol\u00edtica de privacidad.<\/p>\r\n<p><b>Controlador de datos (o propietario)<\/b><br \/>La persona f\u00edsica, la persona jur\u00eddica, la administraci\u00f3n p\u00fablica o cualquier otro organismo, asociaci\u00f3n u organizaci\u00f3n que tenga derecho, tambi\u00e9n conjuntamente con otro responsable del tratamiento de datos, a tomar decisiones sobre los fines y los m\u00e9todos de tratamiento de los datos personales y los medios utilizados, incluidas las medidas de seguridad relativas al funcionamiento y la utilizaci\u00f3n de esta aplicaci\u00f3n. El Controlador de Datos, a menos que se especifique lo contrario, es el Propietario de esta Aplicaci\u00f3n.<\/p>\r\n<p><b>Esta aplicaci\u00f3n<\/b><br \/>La herramienta de hardware o software mediante la cual se recogen los datos personales del usuario.<\/p>\r\n<p><b>Informaci\u00f3n legal<\/b><br \/>Aviso a los usuarios europeos: esta declaraci\u00f3n de privacidad ha sido preparada en cumplimiento de las obligaciones del Art. 10 de la Directiva CE n. 95\/46\/CE, y en virtud de las disposiciones de la Directiva 2002\/58\/CE, revisada por la Directiva 2009\/136\/CE, sobre el tema de las Cookies.<\/p>\r\n<p>La presente pol\u00edtica de privacidad se refiere \u00fanicamente a esta Aplicaci\u00f3n.<br \/>\u00daltima actualizaci\u00f3n: 31 de septiembre de 2019<\/p>\r\n<p>&nbsp;<\/p>\r\n<h2>Pol\u00edtica de privacidad - General<\/h2>\r\n<h2>Qui\u00e9nes somos<\/h2>\r\n\r\n\r\n\r\n<p>La direcci\u00f3n de nuestro sitio web es: https:\/\/shop.wellnessaspara.com.<\/p>\r\n\r\n\r\n\r\n<h2 class=\"wp-block-heading\">Qu\u00e9 datos personales recogemos y por qu\u00e9 los recogemos<\/h2>\r\n\r\n\r\n\r\n<h3 class=\"wp-block-heading\">Comentarios<\/h3>\r\n\r\n\r\n\r\n<p>Cuando los visitantes dejan comentarios en el sitio, recogemos los datos que se muestran en el formulario de comentarios, y tambi\u00e9n la direcci\u00f3n IP del visitante y la cadena del agente de usuario del navegador para ayudar a la detecci\u00f3n de spam.<\/p>\r\n\r\n\r\n\r\n<p>Una cadena anonimizada creada a partir de su direcci\u00f3n de correo electr\u00f3nico (tambi\u00e9n llamada hash) puede ser proporcionada al servicio Gravatar para ver si lo est\u00e1 utilizando. La pol\u00edtica de privacidad del servicio Gravatar est\u00e1 disponible aqu\u00ed: https:\/\/automattic.com\/privacy\/. Despu\u00e9s de la aprobaci\u00f3n de su comentario, su foto de perfil es visible para el p\u00fablico en el contexto de su comentario.<\/p>\r\n\r\n\r\n\r\n<h3 class=\"wp-block-heading\">Medios de comunicaci\u00f3n<\/h3>\r\n\r\n\r\n\r\n<p>Si subes im\u00e1genes al sitio web, debes evitar subir im\u00e1genes con datos de localizaci\u00f3n incrustados (EXIF GPS) incluidos. Los visitantes del sitio web pueden descargar y extraer cualquier dato de localizaci\u00f3n de las im\u00e1genes del sitio web.<\/p>\r\n\r\n\r\n\r\n<h3 class=\"wp-block-heading\">Formularios de contacto<\/h3>\r\n\r\n\r\n\r\n<h3 class=\"wp-block-heading\">Cookies<\/h3>\r\n\r\n\r\n\r\n<p>Si deja un comentario en nuestro sitio puede optar por guardar su nombre, direcci\u00f3n de correo electr\u00f3nico y sitio web en las cookies. Esto es para su comodidad, para que no tenga que volver a rellenar sus datos cuando deje otro comentario. Estas cookies durar\u00e1n un a\u00f1o.<\/p>\r\n\r\n\r\n\r\n<p>Si visita nuestra p\u00e1gina de inicio de sesi\u00f3n, estableceremos una cookie temporal para determinar si su navegador acepta cookies. Esta cookie no contiene datos personales y se descarta al cerrar el navegador.<\/p>\r\n\r\n\r\n\r\n<p>Cuando inicie sesi\u00f3n, tambi\u00e9n configuraremos varias cookies para guardar su informaci\u00f3n de inicio de sesi\u00f3n y las opciones de visualizaci\u00f3n de la pantalla. Las cookies de inicio de sesi\u00f3n duran dos d\u00edas, y las cookies de opciones de pantalla duran un a\u00f1o. Si seleccionas \"Recordarme\", tu inicio de sesi\u00f3n persistir\u00e1 durante dos semanas. Si cierra la sesi\u00f3n de su cuenta, las cookies de inicio de sesi\u00f3n se eliminar\u00e1n.<\/p>\r\n\r\n\r\n\r\n<p>Si editas o publicas un art\u00edculo, se guardar\u00e1 una cookie adicional en tu navegador. Esta cookie no incluye ning\u00fan dato personal y simplemente indica el ID del art\u00edculo que acabas de editar. Caduca despu\u00e9s de 1 d\u00eda.<\/p>\r\n\r\n\r\n\r\n<h3 class=\"wp-block-heading\">Contenido incrustado de otros sitios web<\/h3>\r\n\r\n\r\n\r\n<p>Los art\u00edculos de este sitio pueden incluir contenido incrustado (por ejemplo, videos, im\u00e1genes, art\u00edculos, etc.). El contenido incrustado de otros sitios web se comporta exactamente de la misma manera que si el visitante hubiera visitado el otro sitio web.<\/p>\r\n\r\n\r\n\r\n<p>Estos sitios web pueden recopilar datos sobre usted, utilizar cookies, incorporar un seguimiento adicional de terceros y supervisar su interacci\u00f3n con ese contenido incorporado, incluido el seguimiento de su interacci\u00f3n con el contenido incorporado si tiene una cuenta y ha iniciado sesi\u00f3n en ese sitio web.<\/p>\r\n\r\n\r\n\r\n<h3 class=\"wp-block-heading\">Anal\u00edtica<\/h3>\r\n\r\n\r\n\r\n<h2 class=\"wp-block-heading\">Con qui\u00e9n compartimos sus datos<\/h2>\r\n\r\n\r\n\r\n<h2 class=\"wp-block-heading\">El tiempo que retenemos sus datos<\/h2>\r\n\r\n\r\n\r\n<p>Si deja un comentario, el comentario y sus metadatos se conservan indefinidamente. Esto es as\u00ed para que podamos reconocer y aprobar cualquier comentario de seguimiento autom\u00e1ticamente en lugar de mantenerlo en una cola de moderaci\u00f3n.<\/p>\r\n\r\n\r\n\r\n<p>En el caso de los usuarios que se registran en nuestro sitio web (si los hay), tambi\u00e9n almacenamos la informaci\u00f3n personal que proporcionan en su perfil de usuario. Todos los usuarios pueden ver, editar o eliminar su informaci\u00f3n personal en cualquier momento (excepto que no pueden cambiar su nombre de usuario). Los administradores del sitio web tambi\u00e9n pueden ver y editar esa informaci\u00f3n.<\/p>\r\n\r\n\r\n\r\n<h2 class=\"wp-block-heading\">\u00bfQu\u00e9 derechos tiene sobre sus datos<\/h2>\r\n\r\n\r\n\r\n<p>Si tiene una cuenta en este sitio, o ha dejado comentarios, puede solicitar que se le env\u00ede un archivo exportado de los datos personales que tenemos sobre usted, incluyendo cualquier dato que nos haya proporcionado. Tambi\u00e9n puede solicitar que borremos cualquier dato personal que tengamos sobre usted. Esto no incluye ning\u00fan dato que estemos obligados a conservar por motivos administrativos, legales o de seguridad.<\/p>\r\n\r\n\r\n\r\n<h2 class=\"wp-block-heading\">Donde enviamos sus datos<\/h2>\r\n\r\n\r\n\r\n<p>Los comentarios de los visitantes se pueden comprobar a trav\u00e9s de un servicio automatizado de detecci\u00f3n de spam.<\/p>\r\n\r\n\r\n\r\n<h2 class=\"wp-block-heading\">Su informaci\u00f3n de contacto<\/h2>\r\n\r\n\r\n\r\n<h2 class=\"wp-block-heading\">Informaci\u00f3n adicional<\/h2>\r\n\r\n\r\n\r\n<h3 class=\"wp-block-heading\">C\u00f3mo protegemos sus datos<\/h3>\r\n\r\n\r\n\r\n<h3 class=\"wp-block-heading\">\u00bfQu\u00e9 procedimientos de violaci\u00f3n de datos tenemos en marcha<\/h3>\r\n\r\n\r\n\r\n<h3 class=\"wp-block-heading\">\u00bfDe qu\u00e9 terceros recibimos datos<\/h3>\r\n\r\n\r\n\r\n<h3 class=\"wp-block-heading\">\u00bfQu\u00e9 decisiones y\/o perfiles automatizados hacemos con los datos de los usuarios<\/h3>\r\n\r\n\r\n\r\n<h3 class=\"wp-block-heading\">Requisitos de divulgaci\u00f3n de la reglamentaci\u00f3n de la industria<\/h3>","protected":false},"excerpt":{"rendered":"<p>PRIVACY POLICY OF THE MOBILE APPLICATION (WELLNESSASPARA.COM MOBILE APP) In order to receive information about your Personal Data, the purposes and the parties the Data is shared with, contact the Owner. Data Owner LEPOTNI CENTER DINO&amp;DINO, DINO IVANU\u0160A S.P. Wellnessaspara.com Naziv: LEPOTNI CENTER DINO&amp;DINO, DINO IVANU\u0160A S.P. Naslov: LJUBLJANSKA CESTA[&#8230;]<\/p>","protected":false},"author":1,"featured_media":0,"parent":0,"menu_order":0,"comment_status":"closed","ping_status":"closed","template":"","meta":[],"aioseo_notices":[],"_links":{"self":[{"href":"https:\/\/shop.wellnessaspara.com\/es\/wp-json\/wp\/v2\/pages\/3"}],"collection":[{"href":"https:\/\/shop.wellnessaspara.com\/es\/wp-json\/wp\/v2\/pages"}],"about":[{"href":"https:\/\/shop.wellnessaspara.com\/es\/wp-json\/wp\/v2\/types\/page"}],"author":[{"embeddable":true,"href":"https:\/\/shop.wellnessaspara.com\/es\/wp-json\/wp\/v2\/users\/1"}],"replies":[{"embeddable":true,"href":"https:\/\/shop.wellnessaspara.com\/es\/wp-json\/wp\/v2\/comments?post=3"}],"version-history":[{"count":2,"href":"https:\/\/shop.wellnessaspara.com\/es\/wp-json\/wp\/v2\/pages\/3\/revisions"}],"predecessor-version":[{"id":3533,"href":"https:\/\/shop.wellnessaspara.com\/es\/wp-json\/wp\/v2\/pages\/3\/revisions\/3533"}],"wp:attachment":[{"href":"https:\/\/shop.wellnessaspara.com\/es\/wp-json\/wp\/v2\/media?parent=3"}],"curies":[{"name":"wp","href":"https:\/\/api.w.org\/{rel}","templated":true}]}}