{"id":1002,"date":"2020-01-15T01:18:17","date_gmt":"2020-01-15T01:18:17","guid":{"rendered":"https:\/\/shop.wellnessaspara.com\/?page_id=1002"},"modified":"2020-11-06T15:15:29","modified_gmt":"2020-11-06T15:15:29","slug":"nakup-in-koriscanje-darilnih-bonov","status":"publish","type":"page","link":"https:\/\/shop.wellnessaspara.com\/fr\/nakup-in-koriscanje-darilnih-bonov\/","title":{"rendered":"Achat et utilisation des ch\u00e8ques-cadeaux"},"content":{"rendered":"<div data-elementor-type=\"wp-page\" data-elementor-id=\"1002\" class=\"elementor elementor-1002\">\n\t\t\t\t\t\t<div class=\"elementor-inner\">\n\t\t\t\t<div class=\"elementor-section-wrap\">\n\t\t\t\t\t\t\t\t\t<section class=\"elementor-section elementor-top-section elementor-element elementor-element-deb0585 elementor-section-boxed elementor-section-height-default elementor-section-height-default\" data-id=\"deb0585\" data-element_type=\"section\">\n\t\t\t\t\t\t<div class=\"elementor-container elementor-column-gap-default\">\n\t\t\t\t\t\t\t<div class=\"elementor-row\">\n\t\t\t\t\t<div class=\"elementor-column elementor-col-100 elementor-top-column elementor-element elementor-element-dce8285\" data-id=\"dce8285\" data-element_type=\"column\">\n\t\t\t<div class=\"elementor-column-wrap elementor-element-populated\">\n\t\t\t\t\t\t\t<div class=\"elementor-widget-wrap\">\n\t\t\t\t\t\t<div class=\"elementor-element elementor-element-3c241bb elementor-widget elementor-widget-heading\" data-id=\"3c241bb\" data-element_type=\"widget\" data-widget_type=\"heading.default\">\n\t\t\t\t<div class=\"elementor-widget-container\">\n\t\t\t<h1 class=\"elementor-heading-title elementor-size-default\">Achat et utilisation des ch\u00e8ques-cadeaux<\/h1>\t\t<\/div>\n\t\t\t\t<\/div>\n\t\t\t\t\t\t<\/div>\n\t\t\t\t\t<\/div>\n\t\t<\/div>\n\t\t\t\t\t\t\t\t<\/div>\n\t\t\t\t\t<\/div>\n\t\t<\/section>\n\t\t\t\t<section class=\"elementor-section elementor-top-section elementor-element elementor-element-15166b7 elementor-section-boxed elementor-section-height-default elementor-section-height-default\" data-id=\"15166b7\" data-element_type=\"section\">\n\t\t\t\t\t\t<div class=\"elementor-container elementor-column-gap-default\">\n\t\t\t\t\t\t\t<div class=\"elementor-row\">\n\t\t\t\t\t<div class=\"elementor-column elementor-col-100 elementor-top-column elementor-element elementor-element-d14d96f\" data-id=\"d14d96f\" data-element_type=\"column\">\n\t\t\t<div class=\"elementor-column-wrap elementor-element-populated\">\n\t\t\t\t\t\t\t<div class=\"elementor-widget-wrap\">\n\t\t\t\t\t\t<div class=\"elementor-element elementor-element-0ca6dbc elementor-widget elementor-widget-text-editor\" data-id=\"0ca6dbc\" data-element_type=\"widget\" data-widget_type=\"text-editor.default\">\n\t\t\t\t<div class=\"elementor-widget-container\">\n\t\t\t\t\t\t\t\t<div class=\"elementor-text-editor elementor-clearfix\">\n\t\t\t\t<p>Vous d\u00e9cidez d'acheter ou vous avez re\u00e7u notre ch\u00e8que-cadeau en cadeau et vous voulez en savoir plus ?<br \/>Les conditions d'achat et d'utilisation sont \u00e9num\u00e9r\u00e9es ci-dessous.<\/p><p>LE CH\u00c8QUE CADEAU PEUT \u00caTRE ACHET\u00c9 PAR UNE PERSONNE PHYSIQUE OU MORALE \u00c0 LA R\u00c9CEPTION DU BIEN-\u00caTRE<\/p><p>LE CH\u00c8QUE CADEAU PEUT \u00c9GALEMENT \u00caTRE COMMAND\u00c9 SUR LE SITE WEB<\/p><p>WELLNESS ASPARE OU PAR COURRIEL ET T\u00c9L\u00c9PHONE<\/p><p>LE CH\u00c8QUE CADEAU PEUT \u00caTRE PAY\u00c9 EN ESP\u00c8CES, PAR CARTE OU PAR VIREMENT AU COMPTE DE L'ENTREPRISE<\/p><p>LE CH\u00c8QUE CADEAU EST VALABLE 6 MOIS \u00c0 COMPTER DU JOUR DE L'ACHAT (LA DATE EST INSCRITE SUR LE CH\u00c8QUE CADEAU)<\/p><p>LA DUR\u00c9E DE VALIDIT\u00c9 DU BON CADEAU PEUT \u00caTRE PROLONG\u00c9E JUSQU'\u00c0 6 MOIS<\/p><p>VOUS POUVEZ PROLONGER VOTRE BON EN APPELANT LE NUM\u00c9RO DE T\u00c9L\u00c9PHONE 040 494 444 OU EN VOUS PR\u00c9SENTANT EN PERSONNE \u00c0 LA R\u00c9CEPTION DU BIEN-\u00caTRE<\/p><p>DANS DES CAS EXCEPTIONNELS (BLESSURES, GROSSESSE....), LE CH\u00c8QUE-CADEAU PEUT EXCEPTIONNELLEMENT \u00caTRE PROLONG\u00c9 DANS LA LIMITE D'UN AN DE VALIDIT\u00c9<\/p><p>LA R\u00c9SERVATION PR\u00c9ALABLE DU SERVICE AVEC UN BON CADEAU EST OBLIGATOIRE<br \/>LORS DE LA R\u00c9SERVATION, IL EST OBLIGATOIRE DE MENTIONNER LE NUM\u00c9RO DU CH\u00c8QUE CADEAU, SINON, LE SERVICE NE PEUT \u00caTRE COMMAND\u00c9<\/p><p>DANS LE CAS O\u00d9 LA R\u00c9SERVATION NE VIENT PAS AU SERVICE DU CLIENT MAIS NE S'ANNULE PAS, LE BON CADEAU EST CONSID\u00c9R\u00c9 COMME R\u00c9DUIT.<\/p><p>LA R\u00c9SERVATION DOIT \u00caTRE ANNUL\u00c9E AU MOINS 24 HEURES AVANT LE D\u00c9LAI CONVENU, SINON LE CH\u00c8QUE-CADEAU EST CONSID\u00c9R\u00c9 COMME RENOUVEL\u00c9<\/p><p>LE CH\u00c8QUE CADEAU PEUT \u00c9GALEMENT \u00caTRE \u00c9CHANG\u00c9 CONTRE UN AUTRE SERVICE DANS LE M\u00caME DOMAINE (COSM\u00c9TIQUES - COSM\u00c9TIQUES ; FITNESS...)<\/p><p>LE CH\u00c8QUE CADEAU POUR LEDIT SERVICE PEUT \u00caTRE UTILIS\u00c9 1X<\/p><p>CONSERVER LE BON CADEAU UTILIS\u00c9 \u00c0 LA R\u00c9CEPTION DU BIEN-\u00caTRE<\/p><p><em>La limitation de la validit\u00e9 des ch\u00e8ques-cadeaux est logique et doit \u00eatre contr\u00f4l\u00e9e. Le ch\u00e8que-cadeau a une validit\u00e9 de 6 mois, car il est utile de v\u00e9rifier les services fournis, et en m\u00eame temps de tenir des statistiques sur les ch\u00e8ques-cadeaux retourn\u00e9s. Il s'agit d'une volont\u00e9 d'utiliser davantage les ch\u00e8ques. Il arrive souvent que les gens oublient les bons ou les perdent ou encore qu'ils les stockent parce que les d\u00e9lais d'utilisation sont trop longs.<\/em><\/p>\t\t\t\t\t<\/div>\n\t\t\t\t\t\t<\/div>\n\t\t\t\t<\/div>\n\t\t\t\t\t\t<\/div>\n\t\t\t\t\t<\/div>\n\t\t<\/div>\n\t\t\t\t\t\t\t\t<\/div>\n\t\t\t\t\t<\/div>\n\t\t<\/section>\n\t\t\t\t\t\t\t\t\t<\/div>\n\t\t\t<\/div>\n\t\t\t\t\t<\/div>","protected":false},"excerpt":{"rendered":"<p>Purchase and use of Gift Vouchers Are you deciding to buy or have you received our gift certificate as a gift and want to know more?The terms of purchase and use are listed below. THE GIFT VOUCHER CAN BE PURCHASED BY A NATURAL OR LEGAL ENTITY AT THE WELLNESS RECEPTION[&#8230;]<\/p>","protected":false},"author":4,"featured_media":0,"parent":0,"menu_order":0,"comment_status":"closed","ping_status":"closed","template":"template-builder.php","meta":[],"aioseo_notices":[],"_links":{"self":[{"href":"https:\/\/shop.wellnessaspara.com\/fr\/wp-json\/wp\/v2\/pages\/1002"}],"collection":[{"href":"https:\/\/shop.wellnessaspara.com\/fr\/wp-json\/wp\/v2\/pages"}],"about":[{"href":"https:\/\/shop.wellnessaspara.com\/fr\/wp-json\/wp\/v2\/types\/page"}],"author":[{"embeddable":true,"href":"https:\/\/shop.wellnessaspara.com\/fr\/wp-json\/wp\/v2\/users\/4"}],"replies":[{"embeddable":true,"href":"https:\/\/shop.wellnessaspara.com\/fr\/wp-json\/wp\/v2\/comments?post=1002"}],"version-history":[{"count":6,"href":"https:\/\/shop.wellnessaspara.com\/fr\/wp-json\/wp\/v2\/pages\/1002\/revisions"}],"predecessor-version":[{"id":3871,"href":"https:\/\/shop.wellnessaspara.com\/fr\/wp-json\/wp\/v2\/pages\/1002\/revisions\/3871"}],"wp:attachment":[{"href":"https:\/\/shop.wellnessaspara.com\/fr\/wp-json\/wp\/v2\/media?parent=1002"}],"curies":[{"name":"wp","href":"https:\/\/api.w.org\/{rel}","templated":true}]}}