{"id":3,"date":"2020-01-06T05:22:22","date_gmt":"2020-01-06T05:22:22","guid":{"rendered":"https:\/\/shop.wellnessaspara.com\/?page_id=3"},"modified":"2020-10-30T11:37:09","modified_gmt":"2020-10-30T11:37:09","slug":"privacy-policy","status":"publish","type":"page","link":"https:\/\/shop.wellnessaspara.com\/fr\/privacy-policy\/","title":{"rendered":"Politique de confidentialit\u00e9"},"content":{"rendered":"<h2 class=\"wp-block-heading\">POLITIQUE DE CONFIDENTIALIT\u00c9 DE L'APPLICATION MOBILE (APPLICATION MOBILE WELLNESSASPARA.COM)<\/h2>\r\n<p>Afin de recevoir des informations sur vos donn\u00e9es personnelles, les objectifs et les parties avec lesquelles les donn\u00e9es sont partag\u00e9es, contactez le propri\u00e9taire.<\/p>\r\n<h2>Propri\u00e9taire des donn\u00e9es<\/h2>\r\n<h2>LEPOTNI CENTER DINO&amp;DINO, DINO IVANU\u0160A S.P.<\/h2>\r\n<h2>Wellnessaspara.com<\/h2>\r\n<ul>\r\n<li>Naziv : LEPOTNI CENTER DINO&amp;DINO, DINO IVANU\u0160A S.P.<\/li>\r\n<li>Naslov : LJUBLJANSKA CESTA 91 A , 3000 CELJE<\/li>\r\n<li>Statut : Fizi\u010dna oseba<\/li>\r\n<li>DDV ID : SI63087740<\/li>\r\n<li>Urad DURS : DU Celje<\/li>\r\n<\/ul>\r\n<p><strong>AKTIVNI TRANSAKCIJSKI RA\u010cUNI :<\/strong><br \/>\u0160t. ra\u010duna\u00a0\u00a0<b>|\u00a0\u00a0<\/b>Vrsta<b>\u00a0|\u00a0<\/b>Banka\u00a0<b>|\u00a0<\/b>\u00a0Odprt<br \/>SI5603116-1000725715<b>\u00a0|<\/b>\u00a0T\u00a0<b>|<\/b>\u00a0SKB Banka<b>\u00a0|\u00a0<\/b>\u00a001.08.2017<\/p>\r\n<h2>Contactez-nous<\/h2>\r\n<p>Veuillez nous contacter par le biais du formulaire ci-dessous, ou par courriel ou t\u00e9l\u00e9phone pour une r\u00e9ponse rapide.<\/p>\r\n<p>Vous pouvez \u00e9galement faire une r\u00e9servation par l'un des moyens de contact ci-dessous.<\/p>\r\n<p>Wellness Aspara<br \/><a href=\"https:\/\/shop.wellnessaspara.com\/\">www.wellnessaspara.com<\/a><\/p>\r\n<p><b>LEPOTNI CENTER DINO&amp;DINO, DINO IVANU\u0160A S.P.<\/b><br \/>Ljubljanska cesta 91 A<br \/>3000 Celje<\/p>\r\n<p>Mafia : +386 (0) 40 494 444<br \/>T\u00e9l : +386 (0) 590 876 00<\/p>\r\n<p>Informations par e-mail :\u00a0<a href=\"mailto:info@wellnessaspara.com\">info@wellnessaspara.com<\/a><br \/>Email Team :\u00a0<a href=\"mailto:aspara.team@gmail.com\">aspara.team@gmail.com<\/a><\/p>\r\n<h2>Traitement des donn\u00e9es<\/h2>\r\n<p>MARCELINO d.o.o. Kranj\u010deva ulica 4 ; 3000 Celje ; EU-Slovenija<br \/>WEB : http:\/\/marcelino.si et http:\/\/passengereye.com<br \/>T\u00e9l : +386 (0) 59 182 800, +386 (0) 59 251 431<\/p>\r\n<p>GSM:+386 (0) 31 324 100 ; +386 (0) 70 602 000<br \/>E-mail:info@marcelino.si<br \/>Nr. de TVA SI76044157<br \/>Num\u00e9ro d'enregistrement : 2276038000<br \/>La soci\u00e9t\u00e9 est inscrite au registre des soci\u00e9t\u00e9s du tribunal de district de Celje.<\/p>\r\n<h2>Types de donn\u00e9es collect\u00e9es<\/h2>\r\n<p>Le propri\u00e9taire ne fournit pas de liste des types de donn\u00e9es personnelles collect\u00e9es.<\/p>\r\n<p>Les autres donn\u00e9es personnelles collect\u00e9es peuvent \u00eatre d\u00e9crites dans d'autres sections de la pr\u00e9sente politique de confidentialit\u00e9 ou par un texte d'explication d\u00e9di\u00e9 en contexte avec la collecte des donn\u00e9es.<\/p>\r\n<p>Les donn\u00e9es personnelles peuvent \u00eatre fournies librement par l'utilisateur ou collect\u00e9es automatiquement lors de l'utilisation de cette application.<\/p>\r\n<p>Toute utilisation de Cookies - ou d'autres outils de suivi - par la pr\u00e9sente Application ou par les propri\u00e9taires de services tiers utilis\u00e9s par la pr\u00e9sente Application, sauf indication contraire, sert \u00e0 identifier les Utilisateurs et \u00e0 m\u00e9moriser leurs pr\u00e9f\u00e9rences, dans le seul but de fournir le service requis par l'Utilisateur.<\/p>\r\n<p>Le fait de ne pas fournir certaines donn\u00e9es \u00e0 caract\u00e8re personnel peut rendre impossible la prestation des services de la pr\u00e9sente demande.<\/p>\r\n<p>Les utilisateurs sont responsables de toute donn\u00e9e personnelle de tiers obtenue, publi\u00e9e ou partag\u00e9e par le biais de cette application et confirment qu'ils ont le consentement du tiers pour fournir les donn\u00e9es au propri\u00e9taire.<\/p>\r\n<h2>Mode et lieu de traitement des donn\u00e9es<\/h2>\r\n<h2>M\u00e9thodes de traitement<\/h2>\r\n<p>Le contr\u00f4leur des donn\u00e9es traite les donn\u00e9es des utilisateurs de mani\u00e8re appropri\u00e9e et prend les mesures de s\u00e9curit\u00e9 appropri\u00e9es pour emp\u00eacher tout acc\u00e8s, divulgation, modification ou destruction non autoris\u00e9s des donn\u00e9es.<\/p>\r\n<p>Le traitement des donn\u00e9es est effectu\u00e9 \u00e0 l'aide d'ordinateurs et\/ou d'outils informatiques, selon des proc\u00e9dures et des modes d'organisation strictement li\u00e9s aux finalit\u00e9s indiqu\u00e9es. Outre le Titulaire, dans certains cas, les Donn\u00e9es peuvent \u00eatre accessibles \u00e0 certains types de responsables, impliqu\u00e9s dans le fonctionnement du site (administration, ventes, marketing, juridique, administration du syst\u00e8me) ou \u00e0 des parties externes (telles que des prestataires de services techniques tiers, des soci\u00e9t\u00e9s de courrier, des fournisseurs d'h\u00e9bergement, des soci\u00e9t\u00e9s informatiques, des agences de communication) d\u00e9sign\u00e9es, si n\u00e9cessaire, comme Responsables du Traitement des Donn\u00e9es par le Titulaire. La liste actualis\u00e9e de ces parties peut \u00eatre demand\u00e9e \u00e0 tout moment au Contr\u00f4leur des donn\u00e9es.<\/p>\r\n<h2>Lieu<\/h2>\r\n<p>Les donn\u00e9es sont trait\u00e9es dans les bureaux du responsable du traitement et dans tout autre lieu o\u00f9 se trouvent les parties concern\u00e9es par le traitement. Pour de plus amples informations, veuillez contacter le responsable du traitement.<\/p>\r\n<h2>Dur\u00e9e de conservation<\/h2>\r\n<p>Les donn\u00e9es sont conserv\u00e9es pendant le temps n\u00e9cessaire pour fournir le service demand\u00e9 par l'Utilisateur, ou indiqu\u00e9 par les objectifs d\u00e9crits dans le pr\u00e9sent document, et l'Utilisateur peut toujours demander au Contr\u00f4leur de suspendre ou de supprimer les donn\u00e9es.<\/p>\r\n<h2>Informations compl\u00e9mentaires sur la collecte et le traitement des donn\u00e9es<\/h2>\r\n<h2>Action en justice<\/h2>\r\n<p>Les donn\u00e9es personnelles de l'utilisateur peuvent \u00eatre utilis\u00e9es \u00e0 des fins juridiques par le contr\u00f4leur des donn\u00e9es, devant un tribunal ou dans les \u00e9tapes menant \u00e0 une \u00e9ventuelle action en justice d\u00e9coulant d'une utilisation inappropri\u00e9e de cette application ou des services connexes.<\/p>\r\n<p>L'utilisateur d\u00e9clare \u00eatre conscient que le contr\u00f4leur des donn\u00e9es peut \u00eatre tenu de r\u00e9v\u00e9ler des donn\u00e9es personnelles \u00e0 la demande des autorit\u00e9s publiques.<\/p>\r\n<h2>Informations compl\u00e9mentaires sur les donn\u00e9es personnelles de l'utilisateur<\/h2>\r\n<p>Outre les informations contenues dans la pr\u00e9sente politique de confidentialit\u00e9, la pr\u00e9sente application peut fournir \u00e0 l'utilisateur, sur demande, des informations suppl\u00e9mentaires et contextuelles concernant des services particuliers ou la collecte et le traitement de donn\u00e9es \u00e0 caract\u00e8re personnel.<\/p>\r\n<h2>Journaux du syst\u00e8me et maintenance<\/h2>\r\n<p>\u00c0 des fins de fonctionnement et de maintenance, cette application et tout service tiers peuvent collecter des fichiers qui enregistrent l'interaction avec cette application (journaux du syst\u00e8me) ou utiliser \u00e0 cette fin d'autres donn\u00e9es personnelles (telles que l'adresse IP).<\/p>\r\n<h2>Informations non contenues dans cette politique<\/h2>\r\n<p>De plus amples d\u00e9tails concernant la collecte ou le traitement des donn\u00e9es \u00e0 caract\u00e8re personnel peuvent \u00eatre demand\u00e9s \u00e0 tout moment au contr\u00f4leur des donn\u00e9es. Veuillez consulter les coordonn\u00e9es figurant au d\u00e9but de ce document.<\/p>\r\n<h2>Les droits des utilisateurs<\/h2>\r\n<p>Les utilisateurs ont le droit, \u00e0 tout moment, de savoir si leurs donn\u00e9es personnelles ont \u00e9t\u00e9 stock\u00e9es et peuvent consulter le responsable du traitement pour conna\u00eetre leur contenu et leur origine, pour v\u00e9rifier leur exactitude ou pour demander leur compl\u00e9ment, leur annulation, leur mise \u00e0 jour ou leur rectification, ou leur transformation en format anonyme ou le blocage des donn\u00e9es d\u00e9tenues en violation de la loi, ainsi que pour s'opposer \u00e0 leur traitement pour toutes les raisons l\u00e9gitimes. Les demandes doivent \u00eatre adress\u00e9es au responsable du traitement aux coordonn\u00e9es indiqu\u00e9es ci-dessus.<\/p>\r\n<p>Cette demande ne prend pas en charge les demandes de \"Ne pas suivre\".<br \/>Pour savoir si les services tiers qu'elle utilise respectent les demandes de \"Ne pas suivre\", veuillez lire leur politique de confidentialit\u00e9.<\/p>\r\n<h2>Modifications de cette politique de confidentialit\u00e9<\/h2>\r\n<p>Le contr\u00f4leur des donn\u00e9es se r\u00e9serve le droit d'apporter des modifications \u00e0 cette politique de confidentialit\u00e9 \u00e0 tout moment en informant ses utilisateurs sur cette page. Il est fortement recommand\u00e9 de consulter souvent cette page, en se r\u00e9f\u00e9rant \u00e0 la date de la derni\u00e8re modification indiqu\u00e9e au bas. Si un utilisateur s'oppose \u00e0 l'une des modifications apport\u00e9es \u00e0 la politique, il doit cesser d'utiliser cette application et peut demander au contr\u00f4leur des donn\u00e9es de supprimer les donn\u00e9es personnelles. Sauf indication contraire, la politique de confidentialit\u00e9 alors en vigueur s'applique \u00e0 toutes les donn\u00e9es personnelles que le contr\u00f4leur des donn\u00e9es d\u00e9tient sur les utilisateurs.<\/p>\r\n<h2>Informations sur cette politique de confidentialit\u00e9<\/h2>\r\n<p>Le contr\u00f4leur des donn\u00e9es est responsable de la pr\u00e9sente politique de confidentialit\u00e9, pr\u00e9par\u00e9e \u00e0 partir des modules fournis par Marcelino d.o.o. et h\u00e9berg\u00e9s sur les serveurs de Marcelino d.o.o.<\/p>\r\n<h2>D\u00e9finitions et r\u00e9f\u00e9rences juridiques<\/h2>\r\n<p><b>Donn\u00e9es personnelles (ou donn\u00e9es)<\/b><br \/>Toute information concernant une personne physique, une personne morale, une institution ou une association, qui est ou peut \u00eatre identifi\u00e9e, m\u00eame indirectement, par r\u00e9f\u00e9rence \u00e0 toute autre information, y compris un num\u00e9ro d'identification personnel.<\/p>\r\n<p><b>Donn\u00e9es d'utilisation<\/b><br \/>Les informations collect\u00e9es automatiquement \u00e0 partir de cette application (ou des services tiers employ\u00e9s dans cette application), qui peuvent comprendre : les adresses IP ou les noms de domaine des ordinateurs utilis\u00e9s par les utilisateurs qui utilisent cette application, les adresses URI (Uniform Resource Identifier), l'heure de la demande, la m\u00e9thode utilis\u00e9e pour soumettre la demande au serveur, la taille du fichier re\u00e7u en r\u00e9ponse, le code num\u00e9rique indiquant l'\u00e9tat de la r\u00e9ponse du serveur (r\u00e9sultat positif, erreur, etc.)), le pays d'origine, les caract\u00e9ristiques du navigateur et du syst\u00e8me d'exploitation utilis\u00e9s par l'utilisateur, les diff\u00e9rents d\u00e9tails de temps par visite (par exemple, le temps de travail, la dur\u00e9e de la visite, etc, le temps pass\u00e9 sur chaque page de l'application) et les d\u00e9tails sur le chemin suivi dans l'application avec une r\u00e9f\u00e9rence particuli\u00e8re \u00e0 la s\u00e9quence des pages visit\u00e9es, et d'autres param\u00e8tres concernant le syst\u00e8me d'exploitation du dispositif et\/ou l'environnement informatique de l'utilisateur.<\/p>\r\n<p><b>Utilisateur<\/b><br \/>La personne qui utilise cette application, qui doit co\u00efncider avec la personne concern\u00e9e ou \u00eatre autoris\u00e9e par celle-ci, \u00e0 laquelle les donn\u00e9es \u00e0 caract\u00e8re personnel se r\u00e9f\u00e8rent.<\/p>\r\n<p><b>Objet des donn\u00e9es<\/b><br \/>La personne physique ou morale \u00e0 laquelle se r\u00e9f\u00e8rent les donn\u00e9es \u00e0 caract\u00e8re personnel.<\/p>\r\n<p><b>Responsable du traitement des donn\u00e9es (ou contr\u00f4leur des donn\u00e9es)<\/b><br \/>La personne physique, la personne morale, l'administration publique ou tout autre organisme, association ou organisation autoris\u00e9 par le contr\u00f4leur des donn\u00e9es \u00e0 traiter les donn\u00e9es \u00e0 caract\u00e8re personnel conform\u00e9ment \u00e0 la pr\u00e9sente politique de confidentialit\u00e9.<\/p>\r\n<p><b>Contr\u00f4leur (ou propri\u00e9taire) des donn\u00e9es<\/b><br \/>La personne physique, la personne morale, l'administration publique ou tout autre organisme, association ou organisation ayant le droit, \u00e9galement conjointement avec un autre contr\u00f4leur de donn\u00e9es, de prendre des d\u00e9cisions concernant les objectifs et les m\u00e9thodes de traitement des donn\u00e9es \u00e0 caract\u00e8re personnel et les moyens utilis\u00e9s, y compris les mesures de s\u00e9curit\u00e9 concernant le fonctionnement et l'utilisation de la pr\u00e9sente application. Le Contr\u00f4leur des donn\u00e9es, sauf indication contraire, est le propri\u00e9taire de cette application.<\/p>\r\n<p><b>La pr\u00e9sente demande<\/b><br \/>L'outil mat\u00e9riel ou logiciel par lequel les donn\u00e9es personnelles de l'utilisateur sont collect\u00e9es.<\/p>\r\n<p><b>Informations juridiques<\/b><br \/>Avis aux utilisateurs europ\u00e9ens : la pr\u00e9sente d\u00e9claration de confidentialit\u00e9 a \u00e9t\u00e9 pr\u00e9par\u00e9e en application des obligations pr\u00e9vues \u00e0 l'article 5 de la directive sur la protection des donn\u00e9es. 10 de la Directive CE n. 95\/46\/CE, et des dispositions de la Directive 2002\/58\/CE, telle que r\u00e9vis\u00e9e par la Directive 2009\/136\/CE, sur les Cookies.<\/p>\r\n<p>La pr\u00e9sente politique de confidentialit\u00e9 concerne uniquement cette demande.<br \/>Derni\u00e8re mise \u00e0 jour : 31 septembre 2019<\/p>\r\n<p>&nbsp;<\/p>\r\n<h2>Politique de confidentialit\u00e9 - G\u00e9n\u00e9ralit\u00e9s<\/h2>\r\n<h2>Qui sommes-nous ?<\/h2>\r\n\r\n\r\n\r\n<p>L'adresse de notre site web est : https:\/\/shop.wellnessaspara.com.<\/p>\r\n\r\n\r\n\r\n<h2 class=\"wp-block-heading\">Quelles sont les donn\u00e9es personnelles que nous recueillons et pourquoi nous les recueillons<\/h2>\r\n\r\n\r\n\r\n<h3 class=\"wp-block-heading\">Commentaires<\/h3>\r\n\r\n\r\n\r\n<p>Lorsque les visiteurs laissent des commentaires sur le site, nous recueillons les donn\u00e9es indiqu\u00e9es dans le formulaire de commentaires, ainsi que l'adresse IP du visiteur et la cha\u00eene de l'agent utilisateur du navigateur pour aider \u00e0 la d\u00e9tection du spam.<\/p>\r\n\r\n\r\n\r\n<p>Une cha\u00eene anonyme cr\u00e9\u00e9e \u00e0 partir de votre adresse \u00e9lectronique (\u00e9galement appel\u00e9e \"hash\") peut \u00eatre fournie au service Gravatar pour voir si vous l'utilisez. La politique de confidentialit\u00e9 du service Gravatar est disponible \u00e0 l'adresse suivante : https:\/\/automattic.com\/privacy\/. Apr\u00e8s approbation de votre commentaire, votre photo de profil est visible au public dans le contexte de votre commentaire.<\/p>\r\n\r\n\r\n\r\n<h3 class=\"wp-block-heading\">M\u00e9dias<\/h3>\r\n\r\n\r\n\r\n<p>Si vous t\u00e9l\u00e9chargez des images sur le site web, vous devez \u00e9viter de t\u00e9l\u00e9charger des images comportant des donn\u00e9es de localisation int\u00e9gr\u00e9es (EXIF GPS). Les visiteurs du site web peuvent t\u00e9l\u00e9charger et extraire toutes les donn\u00e9es de localisation des images du site web.<\/p>\r\n\r\n\r\n\r\n<h3 class=\"wp-block-heading\">Formulaires de contact<\/h3>\r\n\r\n\r\n\r\n<h3 class=\"wp-block-heading\">Cookies<\/h3>\r\n\r\n\r\n\r\n<p>Si vous laissez un commentaire sur notre site, vous pouvez choisir d'enregistrer votre nom, votre adresse \u00e9lectronique et votre site web dans des cookies. Ces cookies sont destin\u00e9s \u00e0 vous faciliter la t\u00e2che afin que vous n'ayez pas \u00e0 remplir \u00e0 nouveau vos coordonn\u00e9es lorsque vous laissez un autre commentaire. Ces cookies ont une dur\u00e9e de vie d'un an.<\/p>\r\n\r\n\r\n\r\n<p>Si vous visitez notre page de connexion, nous placerons un cookie temporaire pour d\u00e9terminer si votre navigateur accepte les cookies. Ce cookie ne contient aucune donn\u00e9e personnelle et est supprim\u00e9 lorsque vous fermez votre navigateur.<\/p>\r\n\r\n\r\n\r\n<p>Lorsque vous vous connecterez, nous cr\u00e9erons \u00e9galement plusieurs cookies pour enregistrer vos informations de connexion et vos choix d'affichage \u00e0 l'\u00e9cran. Les cookies de connexion durent deux jours, et les cookies d'options d'\u00e9cran durent un an. Si vous s\u00e9lectionnez \"Se souvenir de moi\", votre connexion persistera pendant deux semaines. Si vous vous d\u00e9connectez de votre compte, les cookies de connexion seront supprim\u00e9s.<\/p>\r\n\r\n\r\n\r\n<p>Si vous modifiez ou publiez un article, un cookie suppl\u00e9mentaire sera enregistr\u00e9 dans votre navigateur. Ce cookie ne contient aucune donn\u00e9e personnelle et indique simplement l'identifiant de l'article que vous venez de modifier. Il expire au bout d'un jour.<\/p>\r\n\r\n\r\n\r\n<h3 class=\"wp-block-heading\">Contenu int\u00e9gr\u00e9 provenant d'autres sites web<\/h3>\r\n\r\n\r\n\r\n<p>Les articles de ce site peuvent comporter du contenu int\u00e9gr\u00e9 (par exemple des vid\u00e9os, des images, des articles, etc.). Le contenu int\u00e9gr\u00e9 provenant d'autres sites web se comporte exactement de la m\u00eame mani\u00e8re que si le visiteur avait visit\u00e9 l'autre site web.<\/p>\r\n\r\n\r\n\r\n<p>Ces sites web peuvent collecter des donn\u00e9es vous concernant, utiliser des cookies, int\u00e9grer un suivi tiers suppl\u00e9mentaire et surveiller votre interaction avec ce contenu int\u00e9gr\u00e9, y compris le suivi de votre interaction avec le contenu int\u00e9gr\u00e9 si vous avez un compte et \u00eates connect\u00e9 \u00e0 ce site web.<\/p>\r\n\r\n\r\n\r\n<h3 class=\"wp-block-heading\">Analytique<\/h3>\r\n\r\n\r\n\r\n<h2 class=\"wp-block-heading\">Avec qui nous partageons vos donn\u00e9es<\/h2>\r\n\r\n\r\n\r\n<h2 class=\"wp-block-heading\">Combien de temps nous conservons vos donn\u00e9es<\/h2>\r\n\r\n\r\n\r\n<p>Si vous laissez un commentaire, celui-ci et ses m\u00e9tadonn\u00e9es sont conserv\u00e9s ind\u00e9finiment. Cela permet de reconna\u00eetre et d'approuver automatiquement tout commentaire de suivi au lieu de les conserver dans une file d'attente de mod\u00e9ration.<\/p>\r\n\r\n\r\n\r\n<p>Pour les utilisateurs qui s'inscrivent sur notre site web (le cas \u00e9ch\u00e9ant), nous stockons \u00e9galement les informations personnelles qu'ils fournissent dans leur profil d'utilisateur. Tous les utilisateurs peuvent voir, modifier ou supprimer leurs informations personnelles \u00e0 tout moment (sauf qu'ils ne peuvent pas changer leur nom d'utilisateur). Les administrateurs du site web peuvent \u00e9galement consulter et modifier ces informations.<\/p>\r\n\r\n\r\n\r\n<h2 class=\"wp-block-heading\">Quels sont vos droits sur vos donn\u00e9es<\/h2>\r\n\r\n\r\n\r\n<p>Si vous avez un compte sur ce site, ou si vous avez laiss\u00e9 des commentaires, vous pouvez demander \u00e0 recevoir un fichier export\u00e9 des donn\u00e9es personnelles que nous d\u00e9tenons \u00e0 votre sujet, y compris les donn\u00e9es que vous nous avez fournies. Vous pouvez \u00e9galement nous demander d'effacer toutes les donn\u00e9es \u00e0 caract\u00e8re personnel que nous d\u00e9tenons \u00e0 votre sujet. Cela n'inclut pas les donn\u00e9es que nous sommes oblig\u00e9s de conserver \u00e0 des fins administratives, juridiques ou de s\u00e9curit\u00e9.<\/p>\r\n\r\n\r\n\r\n<h2 class=\"wp-block-heading\">O\u00f9 nous envoyons vos donn\u00e9es<\/h2>\r\n\r\n\r\n\r\n<p>Les commentaires des visiteurs peuvent \u00eatre v\u00e9rifi\u00e9s gr\u00e2ce \u00e0 un service de d\u00e9tection automatique des spams.<\/p>\r\n\r\n\r\n\r\n<h2 class=\"wp-block-heading\">Vos coordonn\u00e9es<\/h2>\r\n\r\n\r\n\r\n<h2 class=\"wp-block-heading\">Informations compl\u00e9mentaires<\/h2>\r\n\r\n\r\n\r\n<h3 class=\"wp-block-heading\">Comment nous prot\u00e9geons vos donn\u00e9es<\/h3>\r\n\r\n\r\n\r\n<h3 class=\"wp-block-heading\">Quelles sont les proc\u00e9dures de violation des donn\u00e9es que nous avons mises en place<\/h3>\r\n\r\n\r\n\r\n<h3 class=\"wp-block-heading\">Quels sont les tiers dont nous recevons les donn\u00e9es<\/h3>\r\n\r\n\r\n\r\n<h3 class=\"wp-block-heading\">Quelle prise de d\u00e9cision automatis\u00e9e et\/ou quel profilage nous faisons avec les donn\u00e9es des utilisateurs<\/h3>\r\n\r\n\r\n\r\n<h3 class=\"wp-block-heading\">Exigences r\u00e9glementaires de l'industrie en mati\u00e8re de divulgation<\/h3>","protected":false},"excerpt":{"rendered":"<p>PRIVACY POLICY OF THE MOBILE APPLICATION (WELLNESSASPARA.COM MOBILE APP) In order to receive information about your Personal Data, the purposes and the parties the Data is shared with, contact the Owner. Data Owner LEPOTNI CENTER DINO&amp;DINO, DINO IVANU\u0160A S.P. Wellnessaspara.com Naziv: LEPOTNI CENTER DINO&amp;DINO, DINO IVANU\u0160A S.P. Naslov: LJUBLJANSKA CESTA[&#8230;]<\/p>","protected":false},"author":1,"featured_media":0,"parent":0,"menu_order":0,"comment_status":"closed","ping_status":"closed","template":"","meta":[],"aioseo_notices":[],"_links":{"self":[{"href":"https:\/\/shop.wellnessaspara.com\/fr\/wp-json\/wp\/v2\/pages\/3"}],"collection":[{"href":"https:\/\/shop.wellnessaspara.com\/fr\/wp-json\/wp\/v2\/pages"}],"about":[{"href":"https:\/\/shop.wellnessaspara.com\/fr\/wp-json\/wp\/v2\/types\/page"}],"author":[{"embeddable":true,"href":"https:\/\/shop.wellnessaspara.com\/fr\/wp-json\/wp\/v2\/users\/1"}],"replies":[{"embeddable":true,"href":"https:\/\/shop.wellnessaspara.com\/fr\/wp-json\/wp\/v2\/comments?post=3"}],"version-history":[{"count":2,"href":"https:\/\/shop.wellnessaspara.com\/fr\/wp-json\/wp\/v2\/pages\/3\/revisions"}],"predecessor-version":[{"id":3533,"href":"https:\/\/shop.wellnessaspara.com\/fr\/wp-json\/wp\/v2\/pages\/3\/revisions\/3533"}],"wp:attachment":[{"href":"https:\/\/shop.wellnessaspara.com\/fr\/wp-json\/wp\/v2\/media?parent=3"}],"curies":[{"name":"wp","href":"https:\/\/api.w.org\/{rel}","templated":true}]}}