{"id":1328,"date":"2020-01-22T00:00:00","date_gmt":"2020-01-22T00:00:00","guid":{"rendered":"https:\/\/shop.wellnessaspara.com\/product\/nepozabni-raj-za-dva\/"},"modified":"2020-11-08T09:43:36","modified_gmt":"2020-11-08T09:43:36","slug":"an-unforgettable-paradise-for-two","status":"publish","type":"product","link":"https:\/\/shop.wellnessaspara.com\/fr\/produit\/an-unforgettable-paradise-for-two\/","title":{"rendered":"UN PARADIS INOUBLIABLE POUR DEUX Cadeau bien-\u00eatre Vaucher"},"content":{"rendered":"<p>La soci\u00e9t\u00e9 a repris le centre en 2015 et est sous les auspices du nouveau PDG Dino Ivanus. Nous sommes un centre moderne et \u00e9l\u00e9gant, dont l'audience est enti\u00e8rement consacr\u00e9e \u00e0 donner un sens \u00e0 la vie. La qualit\u00e9 et le professionnalisme sont nos principes directeurs, c'est pourquoi nous offrons une large gamme de services qui r\u00e9pondent aux probl\u00e8mes courants tels que le stress, l'insatisfaction personnelle, les difficult\u00e9s \u00e0 surmonter les efforts quotidiens ...<\/p>\n<p>Visitez notre centre de remise en forme ou notre salle de sport, un salon de beaut\u00e9 avec de superbes massages, offrez-vous un soin du visage, du corps, des mains ou des ongles, et une p\u00e9dicure extr\u00eamement importante. Nous avons un beau teint brun dans le studio ensoleill\u00e9.<\/p>\n<p>CE N'EST PAS VOUS TOUS !<\/p>\n<p>Emmenez la personne qui vous est proche pour un JUMP ROMANTIQUE dans un espace priv\u00e9 et d\u00e9tendez-vous avec un verre de vin mousseux.<\/p>\n<p>Si la promotion de la sant\u00e9 vous tient \u00e9galement \u00e0 c\u0153ur, nous disposons d'un monde de sauna \u00e9l\u00e9gamment \u00e9quip\u00e9, qui s'\u00e9tend sur 200m2.<\/p>\n<p>Elle s'occupe \u00e9galement de vos petits, avec toute l'organisation d'une f\u00eate d'anniversaire inoubliable.<br \/>\nVos proches viendront \u00e9galement sur votre compte lorsque vous serez agr\u00e9ablement surpris par le beau cadeau que nous vous offrons sous forme de ch\u00e8ques-cadeaux.<\/p>\n<p>L'Aspara TEAM vous invite !8<\/p>","protected":false},"excerpt":{"rendered":"<h2 class=\"elementor-heading-title elementor-size-default\">PAQUET D'OFFRES<\/h2>\n<ul>\n<li>Massage en deux 30 min + 15 min d'enveloppements au chocolat<\/li>\n<li>150 min de location d'un espace romantique saupoudr\u00e9 de feuilles de rose (artificielle)<\/li>\n<li>Piscine de massage<\/li>\n<li>Sauna finlandais<\/li>\n<li>Sauna turc<\/li>\n<li>Des fruits, des noix et une collation sal\u00e9e<\/li>\n<li>Jus<\/li>\n<li>Champagne<\/li>\n<li>Pralines au chocolat<\/li>\n<li>Fauteuils de massage<\/li>\n<li>Th\u00e9<\/li>\n<li>Peignoirs de bain<\/li>\n<li>Pantoufles<\/li>\n<li>Draps et serviettes de toilette<\/li>\n<\/ul>\n<p>Quand il s'agit de se d\u00e9tendre \u00e0 deux, faites-en un moment m\u00e9morable. Seuls de tels moments sont ancr\u00e9s dans la m\u00e9moire pour toujours, car \u00e0 ces moments-l\u00e0, nous vivons tout simplement.<\/p>","protected":false},"featured_media":1296,"comment_status":"open","ping_status":"closed","template":"","meta":[],"product_cat":[24],"product_tag":[26,25,27,28],"aioseo_notices":[{"message":"The permalink for this post just changed! This could result in 404 errors for your site visitors.","status":"warning","options":{"id":"0a2ae5f84bc2c0423042ed7ec22d2e40","isDismissible":true,"actions":[{"url":"https:\/\/shop.wellnessaspara.com\/wp-admin\/admin.php?page=aioseo-redirects","label":"Add Redirect to improve SEO","target":"_blank","class":"aioseo-redirects-slug-changed"}]},"allowedContexts":["posts"]}],"_links":{"self":[{"href":"https:\/\/shop.wellnessaspara.com\/fr\/wp-json\/wp\/v2\/product\/1328"}],"collection":[{"href":"https:\/\/shop.wellnessaspara.com\/fr\/wp-json\/wp\/v2\/product"}],"about":[{"href":"https:\/\/shop.wellnessaspara.com\/fr\/wp-json\/wp\/v2\/types\/product"}],"replies":[{"embeddable":true,"href":"https:\/\/shop.wellnessaspara.com\/fr\/wp-json\/wp\/v2\/comments?post=1328"}],"wp:featuredmedia":[{"embeddable":true,"href":"https:\/\/shop.wellnessaspara.com\/fr\/wp-json\/wp\/v2\/media\/1296"}],"wp:attachment":[{"href":"https:\/\/shop.wellnessaspara.com\/fr\/wp-json\/wp\/v2\/media?parent=1328"}],"wp:term":[{"taxonomy":"product_cat","embeddable":true,"href":"https:\/\/shop.wellnessaspara.com\/fr\/wp-json\/wp\/v2\/product_cat?post=1328"},{"taxonomy":"product_tag","embeddable":true,"href":"https:\/\/shop.wellnessaspara.com\/fr\/wp-json\/wp\/v2\/product_tag?post=1328"}],"curies":[{"name":"wp","href":"https:\/\/api.w.org\/{rel}","templated":true}]}}